{"id":248,"date":"2019-04-25T02:38:05","date_gmt":"2019-04-25T02:38:05","guid":{"rendered":"https:\/\/jirehcomercializadora.com\/?page_id=248"},"modified":"2019-04-27T01:26:46","modified_gmt":"2019-04-27T01:26:46","slug":"aislado-de-proteina-de-soya","status":"publish","type":"page","link":"https:\/\/jirehcomercializadora.com\/?page_id=248","title":{"rendered":"Aislado de Prote\u00edna de Soya"},"content":{"rendered":"\t\t<div data-elementor-type=\"wp-post\" data-elementor-id=\"248\" class=\"elementor elementor-248\">\n\t\t\t\t\t\t<section class=\"elementor-section elementor-top-section elementor-element elementor-element-5923e663 elementor-section-content-middle elementor-section-boxed elementor-section-height-default elementor-section-height-default\" data-id=\"5923e663\" data-element_type=\"section\" data-e-type=\"section\" data-settings=\"{&quot;shape_divider_bottom&quot;:&quot;opacity-tilt&quot;}\">\n\t\t\t\t\t<div class=\"elementor-shape elementor-shape-bottom\" aria-hidden=\"true\" data-negative=\"false\">\n\t\t\t<svg xmlns=\"http:\/\/www.w3.org\/2000\/svg\" viewBox=\"0 0 2600 131.1\" preserveAspectRatio=\"none\">\n\t<path class=\"elementor-shape-fill\" d=\"M0 0L2600 0 2600 69.1 0 0z\"\/>\n\t<path class=\"elementor-shape-fill\" style=\"opacity:0.5\" d=\"M0 0L2600 0 2600 69.1 0 69.1z\"\/>\n\t<path class=\"elementor-shape-fill\" style=\"opacity:0.25\" d=\"M2600 0L0 0 0 130.1 2600 69.1z\"\/>\n<\/svg>\t\t<\/div>\n\t\t\t\t\t<div class=\"elementor-container elementor-column-gap-default\">\n\t\t\t\t\t<div class=\"elementor-column elementor-col-50 elementor-top-column elementor-element elementor-element-1a604b53\" data-id=\"1a604b53\" data-element_type=\"column\" data-e-type=\"column\">\n\t\t\t<div class=\"elementor-widget-wrap elementor-element-populated\">\n\t\t\t\t\t\t<div class=\"elementor-element elementor-element-7cb6d29c elementor-widget elementor-widget-heading\" data-id=\"7cb6d29c\" data-element_type=\"widget\" data-e-type=\"widget\" data-widget_type=\"heading.default\">\n\t\t\t\t<div class=\"elementor-widget-container\">\n\t\t\t\t\t<h2 class=\"elementor-heading-title elementor-size-default\">Especificaci\u00f3n T\u00e9cnica<\/h2>\t\t\t\t<\/div>\n\t\t\t\t<\/div>\n\t\t\t\t<div class=\"elementor-element elementor-element-7ba22ad4 elementor-widget elementor-widget-text-editor\" data-id=\"7ba22ad4\" data-element_type=\"widget\" data-e-type=\"widget\" data-widget_type=\"text-editor.default\">\n\t\t\t\t<div class=\"elementor-widget-container\">\n\t\t\t\t\t\t\t\t\t<p><span style=\"font-weight: 400; color: #ffffff;\">Despu\u00e9s del agua, las prote\u00ednas son las sustancias con mayor abundancia en nuestro organismo, forman parte de todos nuestros tejidos, una tercera parte de esta se encuentra en los m\u00fasculos y el resto en los huesos, piel, cart\u00edlago y sangre.<\/span><\/p><p><span style=\"font-weight: 400; color: #ffffff;\">Las prote\u00ednas son responsable del crecimiento celular, de su conservaci\u00f3n y regeneraci\u00f3n as\u00ed como es necesaria para la producci\u00f3n de hormonas y enzimas Las prote\u00ednas esta constituidas por unidades menos complejas llamadas amino\u00e1cidos.<\/span><\/p><p><span style=\"font-weight: 400; color: #ffffff;\">Tanto en el reino vegetal como en el animal cada especie forma sus propias prote\u00ednas. As\u00ed las del trigo o soya no son iguales a las de la carne o las de la leche. \u00a0\u00a0<\/span><\/p><h5><span style=\"color: #ffffff;\"><b>El Aislado de prote\u00edna de soya \u00a0<\/b><span style=\"font-weight: 400;\">es un concentrado al 90% \u00a0de prote\u00edna soluble. Esta prote\u00edna es rica en amino\u00e1cidos esenciales como la lisina, treonina, isoleucina, fenilalanina y valina.<\/span><\/span><\/h5>\t\t\t\t\t\t\t\t<\/div>\n\t\t\t\t<\/div>\n\t\t\t\t<div class=\"elementor-element elementor-element-172ea060 elementor-align-left elementor-widget elementor-widget-button\" data-id=\"172ea060\" data-element_type=\"widget\" data-e-type=\"widget\" data-widget_type=\"button.default\">\n\t\t\t\t<div class=\"elementor-widget-container\">\n\t\t\t\t\t\t\t\t\t<div class=\"elementor-button-wrapper\">\n\t\t\t\t\t<a class=\"elementor-button elementor-button-link elementor-size-md\" href=\"https:\/\/jirehcomercializadora.com\/?page_id=13\">\n\t\t\t\t\t\t<span class=\"elementor-button-content-wrapper\">\n\t\t\t\t\t\t<span class=\"elementor-button-icon\">\n\t\t\t\t\t\t\t\t\t<i class=\"fa fa-long-arrow-right\" aria-hidden=\"true\"><\/i>\n\t\t\t\t\t\t\t<\/span>\n\t\t\t\t\t\t\t\t\t<span class=\"elementor-button-text\">Cotizar<\/span>\n\t\t\t\t\t<\/span>\n\t\t\t\t\t<\/a>\n\t\t\t\t<\/div>\n\t\t\t\t\t\t\t\t<\/div>\n\t\t\t\t<\/div>\n\t\t\t\t\t<\/div>\n\t\t<\/div>\n\t\t\t\t<div class=\"elementor-column elementor-col-50 elementor-top-column elementor-element elementor-element-4d22a1b6\" data-id=\"4d22a1b6\" data-element_type=\"column\" data-e-type=\"column\">\n\t\t\t<div class=\"elementor-widget-wrap elementor-element-populated\">\n\t\t\t\t\t\t<div class=\"elementor-element elementor-element-6394ed43 elementor-widget elementor-widget-image\" data-id=\"6394ed43\" data-element_type=\"widget\" data-e-type=\"widget\" data-widget_type=\"image.default\">\n\t\t\t\t<div class=\"elementor-widget-container\">\n\t\t\t\t\t\t\t\t\t\t\t\t\t\t\t\t<a href=\"https:\/\/jirehcomercializadora.com\/wp-content\/uploads\/2019\/04\/Jireh-1.jpg\" data-elementor-open-lightbox=\"yes\" data-elementor-lightbox-title=\"Jireh\" data-e-action-hash=\"#elementor-action%3Aaction%3Dlightbox%26settings%3DeyJpZCI6MzAsInVybCI6Imh0dHBzOlwvXC9qaXJlaGNvbWVyY2lhbGl6YWRvcmEuY29tXC93cC1jb250ZW50XC91cGxvYWRzXC8yMDE5XC8wNFwvSmlyZWgtMS5qcGcifQ%3D%3D\">\n\t\t\t\t\t\t\t<img decoding=\"async\" width=\"209\" height=\"182\" src=\"https:\/\/jirehcomercializadora.com\/wp-content\/uploads\/2019\/04\/Jireh-1.jpg\" class=\"attachment-medium size-medium wp-image-30\" alt=\"\" \/>\t\t\t\t\t\t\t\t<\/a>\n\t\t\t\t\t\t\t\t\t\t\t\t\t\t\t<\/div>\n\t\t\t\t<\/div>\n\t\t\t\t<div class=\"elementor-element elementor-element-5e8b4902 elementor-widget elementor-widget-image\" data-id=\"5e8b4902\" data-element_type=\"widget\" data-e-type=\"widget\" data-widget_type=\"image.default\">\n\t\t\t\t<div class=\"elementor-widget-container\">\n\t\t\t\t\t\t\t\t\t\t\t\t\t\t\t\t<a href=\"https:\/\/jirehcomercializadora.com\/wp-content\/uploads\/2019\/04\/LOGO-HIGH-QUALITY.jpg\" data-elementor-open-lightbox=\"yes\" data-elementor-lightbox-title=\"LOGO HIGH QUALITY\" data-e-action-hash=\"#elementor-action%3Aaction%3Dlightbox%26settings%3DeyJpZCI6MjUwLCJ1cmwiOiJodHRwczpcL1wvamlyZWhjb21lcmNpYWxpemFkb3JhLmNvbVwvd3AtY29udGVudFwvdXBsb2Fkc1wvMjAxOVwvMDRcL0xPR08tSElHSC1RVUFMSVRZLmpwZyJ9\">\n\t\t\t\t\t\t\t<img fetchpriority=\"high\" decoding=\"async\" width=\"300\" height=\"192\" src=\"https:\/\/jirehcomercializadora.com\/wp-content\/uploads\/2019\/04\/LOGO-HIGH-QUALITY-300x192.jpg\" class=\"attachment-medium size-medium wp-image-250\" alt=\"\" srcset=\"https:\/\/jirehcomercializadora.com\/wp-content\/uploads\/2019\/04\/LOGO-HIGH-QUALITY-300x192.jpg 300w, https:\/\/jirehcomercializadora.com\/wp-content\/uploads\/2019\/04\/LOGO-HIGH-QUALITY.jpg 485w\" sizes=\"(max-width: 300px) 100vw, 300px\" \/>\t\t\t\t\t\t\t\t<\/a>\n\t\t\t\t\t\t\t\t\t\t\t\t\t\t\t<\/div>\n\t\t\t\t<\/div>\n\t\t\t\t\t<\/div>\n\t\t<\/div>\n\t\t\t\t\t<\/div>\n\t\t<\/section>\n\t\t\t\t<section class=\"elementor-section elementor-top-section elementor-element elementor-element-3407c79f elementor-section-boxed elementor-section-height-default elementor-section-height-default\" data-id=\"3407c79f\" data-element_type=\"section\" data-e-type=\"section\" data-settings=\"{&quot;background_background&quot;:&quot;gradient&quot;,&quot;shape_divider_bottom&quot;:&quot;opacity-tilt&quot;}\">\n\t\t\t\t\t\t\t<div class=\"elementor-background-overlay\"><\/div>\n\t\t\t\t\t\t<div class=\"elementor-shape elementor-shape-bottom\" aria-hidden=\"true\" data-negative=\"false\">\n\t\t\t<svg xmlns=\"http:\/\/www.w3.org\/2000\/svg\" viewBox=\"0 0 2600 131.1\" preserveAspectRatio=\"none\">\n\t<path class=\"elementor-shape-fill\" d=\"M0 0L2600 0 2600 69.1 0 0z\"\/>\n\t<path class=\"elementor-shape-fill\" style=\"opacity:0.5\" d=\"M0 0L2600 0 2600 69.1 0 69.1z\"\/>\n\t<path class=\"elementor-shape-fill\" style=\"opacity:0.25\" d=\"M2600 0L0 0 0 130.1 2600 69.1z\"\/>\n<\/svg>\t\t<\/div>\n\t\t\t\t\t<div class=\"elementor-container elementor-column-gap-default\">\n\t\t\t\t\t<div class=\"elementor-column elementor-col-100 elementor-top-column elementor-element elementor-element-3e446e1c\" data-id=\"3e446e1c\" data-element_type=\"column\" data-e-type=\"column\">\n\t\t\t<div class=\"elementor-widget-wrap elementor-element-populated\">\n\t\t\t\t\t\t<div class=\"elementor-element elementor-element-7e706f3a elementor-widget elementor-widget-heading\" data-id=\"7e706f3a\" data-element_type=\"widget\" data-e-type=\"widget\" data-widget_type=\"heading.default\">\n\t\t\t\t<div class=\"elementor-widget-container\">\n\t\t\t\t\t<h2 class=\"elementor-heading-title elementor-size-default\"><span><h6 dir=\"ltr\" style=\"line-height:1.2;margin-top:0pt;margin-bottom:0pt\"><span style=\"font-size: 10pt;font-family: Arial;background-color: transparent;vertical-align: baseline\">COMPOSICION TIPICA<\/span><\/h6><div dir=\"ltr\" style=\"margin-left:-3.5pt\"><table style=\"border:none;border-collapse:collapse\"><colgroup><col width=\"430\"><\/colgroup><tbody><tr style=\"height:0pt\"><td style=\"border-width: 0.5pt;border-left-style: solid;border-right-style: solid;border-top-style: solid;vertical-align: top;padding: 0pt 3.5pt\"><p dir=\"ltr\" style=\"line-height:1.2;margin-top:0pt;margin-bottom:0pt\"><span style=\"font-size: 10pt;font-family: Arial;background-color: transparent;vertical-align: baseline\">Prote\u00edna &nbsp;&nbsp;&nbsp;&nbsp;&nbsp;&nbsp;&nbsp;&nbsp;&nbsp;&nbsp;&nbsp;&nbsp;&nbsp;&nbsp;&nbsp;&nbsp;&nbsp;&nbsp;&nbsp;&nbsp;&nbsp;&nbsp;&nbsp;&nbsp;&nbsp;&nbsp;&nbsp;&nbsp;&nbsp;&nbsp;&nbsp;&nbsp;&nbsp;&nbsp;&nbsp;&nbsp;&nbsp;&nbsp;&nbsp;&nbsp;&nbsp;&nbsp;&nbsp;&nbsp;&nbsp;&nbsp;&nbsp;&nbsp;&nbsp;&nbsp;&nbsp;&nbsp;&nbsp;&nbsp;&nbsp;&nbsp;&nbsp;&nbsp;&nbsp;&nbsp;&nbsp;&nbsp;&nbsp;90%<\/span><\/p><p dir=\"ltr\" style=\"line-height:1.2;margin-top:0pt;margin-bottom:0pt\"><span style=\"font-size: 10pt;font-family: Arial;background-color: transparent;vertical-align: baseline\">Humedad &nbsp;&nbsp;&nbsp;&nbsp;&nbsp;&nbsp;&nbsp;&nbsp;&nbsp;&nbsp;&nbsp;&nbsp;&nbsp;&nbsp;&nbsp;&nbsp;&nbsp;&nbsp;&nbsp;&nbsp;&nbsp;&nbsp;&nbsp;&nbsp;&nbsp;&nbsp;&nbsp;&nbsp;&nbsp;&nbsp;&nbsp;&nbsp;&nbsp;&nbsp;&nbsp;&nbsp;&nbsp;&nbsp;&nbsp;&nbsp;&nbsp;&nbsp;&nbsp;&nbsp;&nbsp;&nbsp;&nbsp;&nbsp;&nbsp;&nbsp;&nbsp;&nbsp;&nbsp;&nbsp;&nbsp;Max.7% <\/span><\/p><p dir=\"ltr\" style=\"line-height:1.2;margin-top:0pt;margin-bottom:0pt\"><span style=\"font-size: 10pt;font-family: Arial;background-color: transparent;vertical-align: baseline\">Grasa &nbsp;&nbsp;&nbsp;&nbsp;&nbsp;&nbsp;&nbsp;&nbsp;&nbsp;&nbsp;&nbsp;&nbsp;&nbsp;&nbsp;&nbsp;&nbsp;&nbsp;&nbsp;&nbsp;&nbsp;&nbsp;&nbsp;&nbsp;&nbsp;&nbsp;&nbsp;&nbsp;&nbsp;&nbsp;&nbsp;&nbsp;&nbsp;&nbsp;&nbsp;&nbsp;&nbsp;&nbsp;&nbsp;&nbsp;&nbsp;&nbsp;&nbsp;&nbsp;&nbsp;&nbsp;&nbsp;&nbsp;&nbsp;&nbsp;&nbsp;&nbsp;&nbsp;&nbsp;&nbsp;&nbsp;&nbsp;&nbsp;&nbsp;&nbsp;&nbsp;&nbsp;&nbsp;&nbsp;&nbsp;&nbsp;&nbsp;&nbsp;1.6%<\/span><\/p><p dir=\"ltr\" style=\"line-height:1.2;margin-top:0pt;margin-bottom:0pt\"><span style=\"font-size: 10pt;font-family: Arial;background-color: transparent;vertical-align: baseline\">Carbohidratos &nbsp;&nbsp;&nbsp;&nbsp;&nbsp;&nbsp;&nbsp;&nbsp;&nbsp;&nbsp;&nbsp;&nbsp;&nbsp;&nbsp;&nbsp;&nbsp;&nbsp;&nbsp;&nbsp;&nbsp;&nbsp;&nbsp;&nbsp;&nbsp;&nbsp;&nbsp;&nbsp;&nbsp;&nbsp;&nbsp;&nbsp;&nbsp;&nbsp;&nbsp;&nbsp;&nbsp;&nbsp;&nbsp;&nbsp;&nbsp;&nbsp;&nbsp;&nbsp;&nbsp;&nbsp;&nbsp;&nbsp;&nbsp;&nbsp;&nbsp;&nbsp;&nbsp;&nbsp;&nbsp;&nbsp;&nbsp;&nbsp;0%<\/span><\/p><\/td><\/tr><\/tbody><\/table><\/div><h6 dir=\"ltr\" style=\"line-height:1.2;margin-top:0pt;margin-bottom:0pt\"><span style=\"font-size: 10pt;font-family: Arial;background-color: transparent;vertical-align: baseline\">MICROBIOLOGIA<\/span><\/h6><div dir=\"ltr\" style=\"margin-left:-3.5pt\"><table style=\"border:none;border-collapse:collapse\"><colgroup><col width=\"432\"><\/colgroup><tbody><tr style=\"height:0pt\"><td style=\"border-width: 0.5pt;border-left-style: solid;border-right-style: solid;border-top-style: solid;vertical-align: top;padding: 0pt 3.5pt\"><p dir=\"ltr\" style=\"line-height:1.2;margin-top:0pt;margin-bottom:0pt\"><span style=\"font-size: 10pt;font-family: Arial;background-color: transparent;vertical-align: baseline\">Mesofilos aerobios (ufc\/g) &nbsp;&nbsp;&nbsp;&nbsp;&nbsp;&nbsp;&nbsp;&nbsp;&nbsp;&nbsp;&nbsp;&nbsp;&nbsp;&nbsp;&nbsp;&nbsp;&nbsp;&nbsp;&nbsp;&nbsp;&nbsp;&nbsp;&nbsp;&nbsp;&nbsp;&nbsp;&nbsp;&nbsp;&nbsp;&nbsp;&lt;20000<\/span><\/p><p dir=\"ltr\" style=\"line-height:1.2;margin-top:0pt;margin-bottom:0pt\"><span style=\"font-size: 10pt;font-family: Arial;background-color: transparent;vertical-align: baseline\">Salmonella (750g) &nbsp;&nbsp;&nbsp;&nbsp;&nbsp;&nbsp;&nbsp;&nbsp;&nbsp;&nbsp;&nbsp;&nbsp;&nbsp;&nbsp;&nbsp;&nbsp;&nbsp;&nbsp;&nbsp;&nbsp;&nbsp;&nbsp;&nbsp;&nbsp;&nbsp;&nbsp;&nbsp;&nbsp;&nbsp;&nbsp;&nbsp;&nbsp;&nbsp;&nbsp;&nbsp;&nbsp;&nbsp;&nbsp;&nbsp;&nbsp;&nbsp;Ausente<\/span><\/p><p dir=\"ltr\" style=\"line-height:1.2;margin-top:0pt;margin-bottom:0pt\"><span style=\"font-size: 10pt;font-family: Arial;background-color: transparent;vertical-align: baseline\">Hongos y levaduras (ufc\/g) &nbsp;&nbsp;&nbsp;&nbsp;&nbsp;&nbsp;&nbsp;&nbsp;&nbsp;&nbsp;&nbsp;&nbsp;&nbsp;&nbsp;&nbsp;&nbsp;&nbsp;&nbsp;&nbsp;&nbsp;&nbsp;&nbsp;&nbsp;&nbsp;&nbsp;&nbsp;&nbsp;&nbsp;&nbsp;&nbsp;&nbsp;&nbsp;&nbsp;&lt;100<\/span><\/p><p dir=\"ltr\" style=\"line-height:1.2;margin-top:0pt;margin-bottom:0pt\"><span style=\"font-size: 10pt;font-family: Arial;background-color: transparent;vertical-align: baseline\">Coliformes (1g) &nbsp;&nbsp;&nbsp;&nbsp;&nbsp;&nbsp;&nbsp;&nbsp;&nbsp;&nbsp;&nbsp;&nbsp;&nbsp;&nbsp;&nbsp;&nbsp;&nbsp;&nbsp;&nbsp;&nbsp;&nbsp;&nbsp;&nbsp;&nbsp;&nbsp;&nbsp;&nbsp;&nbsp;&nbsp;&nbsp;&nbsp;&nbsp;&nbsp;&nbsp;&nbsp;&nbsp;&nbsp;No detectado<\/span><\/p><\/td><\/tr><\/tbody><\/table><\/div><\/span><span><h6 dir=\"ltr\" style=\"line-height:1.2;margin-top:0pt;margin-bottom:0pt\"><\/h6><\/span><\/h2>\t\t\t\t<\/div>\n\t\t\t\t<\/div>\n\t\t\t\t\t<\/div>\n\t\t<\/div>\n\t\t\t\t\t<\/div>\n\t\t<\/section>\n\t\t\t\t<section class=\"elementor-section elementor-top-section elementor-element elementor-element-36b50498 elementor-section-content-bottom elementor-section-boxed elementor-section-height-default elementor-section-height-default\" data-id=\"36b50498\" data-element_type=\"section\" data-e-type=\"section\" data-settings=\"{&quot;shape_divider_bottom&quot;:&quot;opacity-tilt&quot;}\">\n\t\t\t\t\t<div class=\"elementor-shape elementor-shape-bottom\" aria-hidden=\"true\" data-negative=\"false\">\n\t\t\t<svg xmlns=\"http:\/\/www.w3.org\/2000\/svg\" viewBox=\"0 0 2600 131.1\" preserveAspectRatio=\"none\">\n\t<path class=\"elementor-shape-fill\" d=\"M0 0L2600 0 2600 69.1 0 0z\"\/>\n\t<path class=\"elementor-shape-fill\" style=\"opacity:0.5\" d=\"M0 0L2600 0 2600 69.1 0 69.1z\"\/>\n\t<path class=\"elementor-shape-fill\" style=\"opacity:0.25\" d=\"M2600 0L0 0 0 130.1 2600 69.1z\"\/>\n<\/svg>\t\t<\/div>\n\t\t\t\t\t<div class=\"elementor-container elementor-column-gap-default\">\n\t\t\t\t\t<div class=\"elementor-column elementor-col-25 elementor-top-column elementor-element elementor-element-1e8c9e92\" data-id=\"1e8c9e92\" data-element_type=\"column\" data-e-type=\"column\">\n\t\t\t<div class=\"elementor-widget-wrap elementor-element-populated\">\n\t\t\t\t\t\t<div class=\"elementor-element elementor-element-59645e2 elementor-position-top elementor-widget elementor-widget-image-box\" data-id=\"59645e2\" data-element_type=\"widget\" data-e-type=\"widget\" data-widget_type=\"image-box.default\">\n\t\t\t\t<div class=\"elementor-widget-container\">\n\t\t\t\t\t<div class=\"elementor-image-box-wrapper\"><figure class=\"elementor-image-box-img\"><img decoding=\"async\" width=\"151\" height=\"151\" src=\"https:\/\/jirehcomercializadora.com\/wp-content\/uploads\/2019\/04\/icon-G_S.2.png\" class=\"attachment-full size-full wp-image-204\" alt=\"\" srcset=\"https:\/\/jirehcomercializadora.com\/wp-content\/uploads\/2019\/04\/icon-G_S.2.png 151w, https:\/\/jirehcomercializadora.com\/wp-content\/uploads\/2019\/04\/icon-G_S.2-150x150.png 150w\" sizes=\"(max-width: 151px) 100vw, 151px\" \/><\/figure><div class=\"elementor-image-box-content\"><p class=\"elementor-image-box-description\">CARACTERISTICAS DEL PRODUCTO:\n\nAlto contenido de prote\u00ednas de alto valor nutricional.\nSabor suave\nAlimento b\u00e1sico para deportistas que pretenden desarrollo muscular y prefieren prote\u00ednas de origen vegetal , personas intolerantes a la lactosa.\n\n<\/p><\/div><\/div>\t\t\t\t<\/div>\n\t\t\t\t<\/div>\n\t\t\t\t\t<\/div>\n\t\t<\/div>\n\t\t\t\t<div class=\"elementor-column elementor-col-25 elementor-top-column elementor-element elementor-element-1a93d41e\" data-id=\"1a93d41e\" data-element_type=\"column\" data-e-type=\"column\">\n\t\t\t<div class=\"elementor-widget-wrap elementor-element-populated\">\n\t\t\t\t\t\t<div class=\"elementor-element elementor-element-40050edf elementor-position-top elementor-widget elementor-widget-image-box\" data-id=\"40050edf\" data-element_type=\"widget\" data-e-type=\"widget\" data-widget_type=\"image-box.default\">\n\t\t\t\t<div class=\"elementor-widget-container\">\n\t\t\t\t\t<div class=\"elementor-image-box-wrapper\"><figure class=\"elementor-image-box-img\"><img loading=\"lazy\" decoding=\"async\" width=\"143\" height=\"143\" src=\"https:\/\/jirehcomercializadora.com\/wp-content\/uploads\/2019\/04\/22.png\" class=\"attachment-full size-full wp-image-176\" alt=\"\" \/><\/figure><div class=\"elementor-image-box-content\"><p class=\"elementor-image-box-description\">EMPAQUE:\nSacos de capas m\u00faltiples y  una bolsa interna de polietileno.\n\nPRESENTACIONES:\nSacos de 20kg\n\n<\/p><\/div><\/div>\t\t\t\t<\/div>\n\t\t\t\t<\/div>\n\t\t\t\t\t<\/div>\n\t\t<\/div>\n\t\t\t\t<div class=\"elementor-column elementor-col-25 elementor-top-column elementor-element elementor-element-18029d3\" data-id=\"18029d3\" data-element_type=\"column\" data-e-type=\"column\">\n\t\t\t<div class=\"elementor-widget-wrap elementor-element-populated\">\n\t\t\t\t\t\t<div class=\"elementor-element elementor-element-796c6604 elementor-position-top elementor-widget elementor-widget-image-box\" data-id=\"796c6604\" data-element_type=\"widget\" data-e-type=\"widget\" data-widget_type=\"image-box.default\">\n\t\t\t\t<div class=\"elementor-widget-container\">\n\t\t\t\t\t<div class=\"elementor-image-box-wrapper\"><figure class=\"elementor-image-box-img\"><img loading=\"lazy\" decoding=\"async\" width=\"143\" height=\"143\" src=\"https:\/\/jirehcomercializadora.com\/wp-content\/uploads\/2019\/04\/21.png\" class=\"attachment-full size-full wp-image-177\" alt=\"\" \/><\/figure><div class=\"elementor-image-box-content\"><p class=\"elementor-image-box-description\">DOSIS SUGERIDA:\nLa cantidad de producto a consumir depende de las  necesidades propias de cada deportista, la intensidad de su entrenamiento y del balance prote\u00ednico  en sus comidas.\n<\/p><\/div><\/div>\t\t\t\t<\/div>\n\t\t\t\t<\/div>\n\t\t\t\t\t<\/div>\n\t\t<\/div>\n\t\t\t\t<div class=\"elementor-column elementor-col-25 elementor-top-column elementor-element elementor-element-1d3ed8d3\" data-id=\"1d3ed8d3\" data-element_type=\"column\" data-e-type=\"column\">\n\t\t\t<div class=\"elementor-widget-wrap elementor-element-populated\">\n\t\t\t\t\t\t<div class=\"elementor-element elementor-element-74b3a26a elementor-position-top elementor-widget elementor-widget-image-box\" data-id=\"74b3a26a\" data-element_type=\"widget\" data-e-type=\"widget\" data-widget_type=\"image-box.default\">\n\t\t\t\t<div class=\"elementor-widget-container\">\n\t\t\t\t\t<div class=\"elementor-image-box-wrapper\"><figure class=\"elementor-image-box-img\"><img loading=\"lazy\" decoding=\"async\" width=\"143\" height=\"143\" src=\"https:\/\/jirehcomercializadora.com\/wp-content\/uploads\/2019\/04\/20.png\" class=\"attachment-full size-full wp-image-178\" alt=\"\" \/><\/figure><div class=\"elementor-image-box-content\"><p class=\"elementor-image-box-description\">Una dosis com\u00fanmente utilizada  son 23g de prote\u00edna de suero (una cucharada sopera copeteada) de 1 a 3 veces por d\u00eda.  \nPREGUNTA POR NUESTROS SABORES EXISTENTES\n\n<\/p><\/div><\/div>\t\t\t\t<\/div>\n\t\t\t\t<\/div>\n\t\t\t\t\t<\/div>\n\t\t<\/div>\n\t\t\t\t\t<\/div>\n\t\t<\/section>\n\t\t\t\t<\/div>\n\t\t ","protected":false},"excerpt":{"rendered":"<p>Especificaci\u00f3n T\u00e9cnica Despu\u00e9s del agua, las prote\u00ednas son las sustancias con mayor abundancia en nuestro organismo, forman parte de todos nuestros tejidos, una tercera parte de esta se encuentra en los m\u00fasculos y el resto en los huesos, piel, cart\u00edlago y sangre. Las prote\u00ednas son responsable del crecimiento celular, de su conservaci\u00f3n y regeneraci\u00f3n as\u00ed [&hellip;]<\/p>\n","protected":false},"author":1,"featured_media":0,"parent":0,"menu_order":0,"comment_status":"closed","ping_status":"closed","template":"","meta":{"footnotes":""},"class_list":["post-248","page","type-page","status-publish","hentry"],"_links":{"self":[{"href":"https:\/\/jirehcomercializadora.com\/index.php?rest_route=\/wp\/v2\/pages\/248","targetHints":{"allow":["GET"]}}],"collection":[{"href":"https:\/\/jirehcomercializadora.com\/index.php?rest_route=\/wp\/v2\/pages"}],"about":[{"href":"https:\/\/jirehcomercializadora.com\/index.php?rest_route=\/wp\/v2\/types\/page"}],"author":[{"embeddable":true,"href":"https:\/\/jirehcomercializadora.com\/index.php?rest_route=\/wp\/v2\/users\/1"}],"replies":[{"embeddable":true,"href":"https:\/\/jirehcomercializadora.com\/index.php?rest_route=%2Fwp%2Fv2%2Fcomments&post=248"}],"version-history":[{"count":5,"href":"https:\/\/jirehcomercializadora.com\/index.php?rest_route=\/wp\/v2\/pages\/248\/revisions"}],"predecessor-version":[{"id":334,"href":"https:\/\/jirehcomercializadora.com\/index.php?rest_route=\/wp\/v2\/pages\/248\/revisions\/334"}],"wp:attachment":[{"href":"https:\/\/jirehcomercializadora.com\/index.php?rest_route=%2Fwp%2Fv2%2Fmedia&parent=248"}],"curies":[{"name":"wp","href":"https:\/\/api.w.org\/{rel}","templated":true}]}}